{"id":280,"date":"2017-02-13T09:52:44","date_gmt":"2017-02-13T09:52:44","guid":{"rendered":"http:\/\/bdr-architekci.pl\/?page_id=280\/"},"modified":"2026-03-26T07:59:03","modified_gmt":"2026-03-26T07:59:03","slug":"about","status":"publish","type":"page","link":"http:\/\/bdr-architekci.pl\/en\/about\/","title":{"rendered":"Practice"},"content":{"rendered":"<img loading=\"lazy\" decoding=\"async\" class=\"alignnone size-full wp-image-2117\" src=\"http:\/\/bdr-architekci.pl\/cnt\/upld\/2020\/03\/IMG_2050_small_web.jpg\" alt=\"\" width=\"1200\" height=\"400\" srcset=\"http:\/\/bdr-architekci.pl\/cnt\/upld\/2020\/03\/IMG_2050_small_web.jpg 1200w, http:\/\/bdr-architekci.pl\/cnt\/upld\/2020\/03\/IMG_2050_small_web-640x213.jpg 640w\" sizes=\"auto, (max-width: 1200px) 100vw, 1200px\" \/>\n<p>&nbsp;<\/p>\n<p>BDR Architekci was established in 2015 by Konrad Basan, Pawe\u0142 Dadok and Maria Roj.<\/p>\n<p>We have gained experience by working in renowned Polish and foreign architectural offices such as: David Chipperfield Architects, Ma\u0107k\u00f3w Pracownia Projektowa, Medusagroup<\/p>\n<p>Each design task is set in its unique combination of spatial, cultural and financial contexts. In those various, predefined conditions we are always trying to find the best and clear solution \u2013 concept. Each design decision is then confronted with that main idea in order to execute it consequently, from the first draft to the construction stage. This approach results in our every design being an individual and unique solution. Fitting into its context and fulfilling client\u2019s needs.<\/p>\n<p>Team:<br \/>\nKonrad Basan<br \/>\nPawe\u0142 Dadok<br \/>\nMaria Roj<\/p>\n<p>Kamil Urban<\/p>\n","protected":false},"excerpt":{"rendered":"<p>&nbsp; BDR Architekci was established in 2015 by Konrad Basan, Pawe\u0142 Dadok and Maria Roj. We have gained experience by working in renowned Polish and foreign architectural offices such as: David Chipperfield Architects, Ma\u0107k\u00f3w Pracownia Projektowa, Medusagroup Each design task is set in its unique combination of spatial, cultural and financial contexts. In those various, [&hellip;]<\/p>\n","protected":false},"author":1,"featured_media":0,"parent":0,"menu_order":3,"comment_status":"closed","ping_status":"closed","template":"t_onas.php","meta":{"footnotes":""},"class_list":["post-280","page","type-page","status-publish","hentry"],"yoast_head":"<!-- This site is optimized with the Yoast SEO plugin v25.6 - https:\/\/yoast.com\/wordpress\/plugins\/seo\/ -->\n<title>Practice - BDR Architekci<\/title>\n<meta name=\"robots\" content=\"index, follow, max-snippet:-1, max-image-preview:large, max-video-preview:-1\" \/>\n<link rel=\"canonical\" href=\"https:\/\/bdr-architekci.pl\/en\/about\/\" \/>\n<meta property=\"og:locale\" content=\"en_US\" \/>\n<meta property=\"og:type\" content=\"article\" \/>\n<meta property=\"og:title\" content=\"Practice - BDR Architekci\" \/>\n<meta property=\"og:description\" content=\"&nbsp; BDR Architekci was established in 2015 by Konrad Basan, Pawe\u0142 Dadok and Maria Roj. We have gained experience by working in renowned Polish and foreign architectural offices such as: David Chipperfield Architects, Ma\u0107k\u00f3w Pracownia Projektowa, Medusagroup Each design task is set in its unique combination of spatial, cultural and financial contexts. In those various, [&hellip;]\" \/>\n<meta property=\"og:url\" content=\"https:\/\/bdr-architekci.pl\/en\/about\/\" \/>\n<meta property=\"og:site_name\" content=\"BDR Architekci\" \/>\n<meta property=\"article:modified_time\" content=\"2026-03-26T07:59:03+00:00\" \/>\n<meta property=\"og:image\" content=\"http:\/\/bdr-architekci.pl\/cnt\/upld\/2020\/03\/IMG_2050_small_web.jpg\" \/>\n<meta name=\"twitter:card\" content=\"summary_large_image\" \/>\n<meta name=\"twitter:label1\" content=\"Est. reading time\" \/>\n\t<meta name=\"twitter:data1\" content=\"1 minute\" \/>\n<script type=\"application\/ld+json\" class=\"yoast-schema-graph\">{\"@context\":\"https:\/\/schema.org\",\"@graph\":[{\"@type\":\"WebPage\",\"@id\":\"https:\/\/bdr-architekci.pl\/en\/about\/\",\"url\":\"https:\/\/bdr-architekci.pl\/en\/about\/\",\"name\":\"Practice - BDR Architekci\",\"isPartOf\":{\"@id\":\"http:\/\/bdr-architekci.pl\/#website\"},\"primaryImageOfPage\":{\"@id\":\"https:\/\/bdr-architekci.pl\/en\/about\/#primaryimage\"},\"image\":{\"@id\":\"https:\/\/bdr-architekci.pl\/en\/about\/#primaryimage\"},\"thumbnailUrl\":\"http:\/\/bdr-architekci.pl\/cnt\/upld\/2020\/03\/IMG_2050_small_web.jpg\",\"datePublished\":\"2017-02-13T09:52:44+00:00\",\"dateModified\":\"2026-03-26T07:59:03+00:00\",\"breadcrumb\":{\"@id\":\"https:\/\/bdr-architekci.pl\/en\/about\/#breadcrumb\"},\"inLanguage\":\"en-US\",\"potentialAction\":[{\"@type\":\"ReadAction\",\"target\":[\"https:\/\/bdr-architekci.pl\/en\/about\/\"]}]},{\"@type\":\"ImageObject\",\"inLanguage\":\"en-US\",\"@id\":\"https:\/\/bdr-architekci.pl\/en\/about\/#primaryimage\",\"url\":\"http:\/\/bdr-architekci.pl\/cnt\/upld\/2020\/03\/IMG_2050_small_web.jpg\",\"contentUrl\":\"http:\/\/bdr-architekci.pl\/cnt\/upld\/2020\/03\/IMG_2050_small_web.jpg\"},{\"@type\":\"BreadcrumbList\",\"@id\":\"https:\/\/bdr-architekci.pl\/en\/about\/#breadcrumb\",\"itemListElement\":[{\"@type\":\"ListItem\",\"position\":1,\"name\":\"Strona g\u0142\u00f3wna\",\"item\":\"http:\/\/bdr-architekci.pl\/en\/\"},{\"@type\":\"ListItem\",\"position\":2,\"name\":\"Practice\"}]},{\"@type\":\"WebSite\",\"@id\":\"http:\/\/bdr-architekci.pl\/#website\",\"url\":\"http:\/\/bdr-architekci.pl\/\",\"name\":\"BDR Architekci\",\"description\":\"Pracownia BDR Architekci zosta\u0142a za\u0142o\u017cona w roku 2015 przez architekt\u00f3w Konrada Basana, Paw\u0142a Dadoka, Mari\u0119 Roj i Micha\u0142a Rogowskiego.\",\"potentialAction\":[{\"@type\":\"SearchAction\",\"target\":{\"@type\":\"EntryPoint\",\"urlTemplate\":\"http:\/\/bdr-architekci.pl\/?s={search_term_string}\"},\"query-input\":{\"@type\":\"PropertyValueSpecification\",\"valueRequired\":true,\"valueName\":\"search_term_string\"}}],\"inLanguage\":\"en-US\"}]}<\/script>\n<!-- \/ Yoast SEO plugin. -->","yoast_head_json":{"title":"Practice - BDR Architekci","robots":{"index":"index","follow":"follow","max-snippet":"max-snippet:-1","max-image-preview":"max-image-preview:large","max-video-preview":"max-video-preview:-1"},"canonical":"https:\/\/bdr-architekci.pl\/en\/about\/","og_locale":"en_US","og_type":"article","og_title":"Practice - BDR Architekci","og_description":"&nbsp; BDR Architekci was established in 2015 by Konrad Basan, Pawe\u0142 Dadok and Maria Roj. We have gained experience by working in renowned Polish and foreign architectural offices such as: David Chipperfield Architects, Ma\u0107k\u00f3w Pracownia Projektowa, Medusagroup Each design task is set in its unique combination of spatial, cultural and financial contexts. In those various, [&hellip;]","og_url":"https:\/\/bdr-architekci.pl\/en\/about\/","og_site_name":"BDR Architekci","article_modified_time":"2026-03-26T07:59:03+00:00","og_image":[{"url":"http:\/\/bdr-architekci.pl\/cnt\/upld\/2020\/03\/IMG_2050_small_web.jpg","type":"","width":"","height":""}],"twitter_card":"summary_large_image","twitter_misc":{"Est. reading time":"1 minute"},"schema":{"@context":"https:\/\/schema.org","@graph":[{"@type":"WebPage","@id":"https:\/\/bdr-architekci.pl\/en\/about\/","url":"https:\/\/bdr-architekci.pl\/en\/about\/","name":"Practice - BDR Architekci","isPartOf":{"@id":"http:\/\/bdr-architekci.pl\/#website"},"primaryImageOfPage":{"@id":"https:\/\/bdr-architekci.pl\/en\/about\/#primaryimage"},"image":{"@id":"https:\/\/bdr-architekci.pl\/en\/about\/#primaryimage"},"thumbnailUrl":"http:\/\/bdr-architekci.pl\/cnt\/upld\/2020\/03\/IMG_2050_small_web.jpg","datePublished":"2017-02-13T09:52:44+00:00","dateModified":"2026-03-26T07:59:03+00:00","breadcrumb":{"@id":"https:\/\/bdr-architekci.pl\/en\/about\/#breadcrumb"},"inLanguage":"en-US","potentialAction":[{"@type":"ReadAction","target":["https:\/\/bdr-architekci.pl\/en\/about\/"]}]},{"@type":"ImageObject","inLanguage":"en-US","@id":"https:\/\/bdr-architekci.pl\/en\/about\/#primaryimage","url":"http:\/\/bdr-architekci.pl\/cnt\/upld\/2020\/03\/IMG_2050_small_web.jpg","contentUrl":"http:\/\/bdr-architekci.pl\/cnt\/upld\/2020\/03\/IMG_2050_small_web.jpg"},{"@type":"BreadcrumbList","@id":"https:\/\/bdr-architekci.pl\/en\/about\/#breadcrumb","itemListElement":[{"@type":"ListItem","position":1,"name":"Strona g\u0142\u00f3wna","item":"http:\/\/bdr-architekci.pl\/en\/"},{"@type":"ListItem","position":2,"name":"Practice"}]},{"@type":"WebSite","@id":"http:\/\/bdr-architekci.pl\/#website","url":"http:\/\/bdr-architekci.pl\/","name":"BDR Architekci","description":"Pracownia BDR Architekci zosta\u0142a za\u0142o\u017cona w roku 2015 przez architekt\u00f3w Konrada Basana, Paw\u0142a Dadoka, Mari\u0119 Roj i Micha\u0142a Rogowskiego.","potentialAction":[{"@type":"SearchAction","target":{"@type":"EntryPoint","urlTemplate":"http:\/\/bdr-architekci.pl\/?s={search_term_string}"},"query-input":{"@type":"PropertyValueSpecification","valueRequired":true,"valueName":"search_term_string"}}],"inLanguage":"en-US"}]}},"_links":{"self":[{"href":"http:\/\/bdr-architekci.pl\/en\/wp-json\/wp\/v2\/pages\/280","targetHints":{"allow":["GET"]}}],"collection":[{"href":"http:\/\/bdr-architekci.pl\/en\/wp-json\/wp\/v2\/pages"}],"about":[{"href":"http:\/\/bdr-architekci.pl\/en\/wp-json\/wp\/v2\/types\/page"}],"author":[{"embeddable":true,"href":"http:\/\/bdr-architekci.pl\/en\/wp-json\/wp\/v2\/users\/1"}],"replies":[{"embeddable":true,"href":"http:\/\/bdr-architekci.pl\/en\/wp-json\/wp\/v2\/comments?post=280"}],"version-history":[{"count":0,"href":"http:\/\/bdr-architekci.pl\/en\/wp-json\/wp\/v2\/pages\/280\/revisions"}],"wp:attachment":[{"href":"http:\/\/bdr-architekci.pl\/en\/wp-json\/wp\/v2\/media?parent=280"}],"curies":[{"name":"wp","href":"https:\/\/api.w.org\/{rel}","templated":true}]}}