{"id":287,"date":"2017-02-27T15:01:09","date_gmt":"2017-02-27T15:01:09","guid":{"rendered":"http:\/\/bdr-architekci.pl\/?page_id=287\/"},"modified":"2025-11-18T08:45:13","modified_gmt":"2025-11-18T08:45:13","slug":"strona-glowna","status":"publish","type":"page","link":"http:\/\/bdr-architekci.pl\/en\/","title":{"rendered":"Strona g\u0142\u00f3wna"},"content":{"rendered":"","protected":false},"excerpt":{"rendered":"","protected":false},"author":1,"featured_media":0,"parent":0,"menu_order":0,"comment_status":"closed","ping_status":"closed","template":"t_home.php","meta":{"footnotes":""},"class_list":["post-287","page","type-page","status-publish","hentry"],"yoast_head":"<!-- This site is optimized with the Yoast SEO plugin v25.6 - https:\/\/yoast.com\/wordpress\/plugins\/seo\/ -->\n<title>Strona g\u0142\u00f3wna - BDR Architekci<\/title>\n<meta name=\"description\" content=\"Pracownia BDR Architekci zosta\u0142a za\u0142o\u017cona przez architekt\u00f3w Konrada Basana, Paw\u0142a Dadoka, Mari\u0119 Roj. Realizujemy wielobran\u017cowe projekty ...\" \/>\n<meta name=\"robots\" content=\"index, follow, max-snippet:-1, max-image-preview:large, max-video-preview:-1\" \/>\n<link rel=\"canonical\" href=\"http:\/\/bdr-architekci.pl\/en\/\" \/>\n<meta property=\"og:locale\" content=\"en_US\" \/>\n<meta property=\"og:type\" content=\"article\" \/>\n<meta property=\"og:title\" content=\"Strona g\u0142\u00f3wna - BDR Architekci\" \/>\n<meta property=\"og:description\" content=\"Pracownia BDR Architekci zosta\u0142a za\u0142o\u017cona przez architekt\u00f3w Konrada Basana, Paw\u0142a Dadoka, Mari\u0119 Roj. Realizujemy wielobran\u017cowe projekty ...\" \/>\n<meta property=\"og:url\" content=\"http:\/\/bdr-architekci.pl\/en\/\" \/>\n<meta property=\"og:site_name\" content=\"BDR Architekci\" \/>\n<meta property=\"article:modified_time\" content=\"2025-11-18T08:45:13+00:00\" \/>\n<meta name=\"twitter:card\" content=\"summary_large_image\" \/>\n<script type=\"application\/ld+json\" class=\"yoast-schema-graph\">{\"@context\":\"https:\/\/schema.org\",\"@graph\":[{\"@type\":\"WebPage\",\"@id\":\"http:\/\/bdr-architekci.pl\/en\/\",\"url\":\"http:\/\/bdr-architekci.pl\/en\/\",\"name\":\"Strona g\u0142\u00f3wna - BDR Architekci\",\"isPartOf\":{\"@id\":\"http:\/\/bdr-architekci.pl\/#website\"},\"datePublished\":\"2017-02-27T15:01:09+00:00\",\"dateModified\":\"2025-11-18T08:45:13+00:00\",\"description\":\"Pracownia BDR Architekci zosta\u0142a za\u0142o\u017cona przez architekt\u00f3w Konrada Basana, Paw\u0142a Dadoka, Mari\u0119 Roj. Realizujemy wielobran\u017cowe projekty ...\",\"breadcrumb\":{\"@id\":\"http:\/\/bdr-architekci.pl\/en\/#breadcrumb\"},\"inLanguage\":\"en-US\",\"potentialAction\":[{\"@type\":\"ReadAction\",\"target\":[\"http:\/\/bdr-architekci.pl\/en\/\"]}]},{\"@type\":\"BreadcrumbList\",\"@id\":\"http:\/\/bdr-architekci.pl\/en\/#breadcrumb\",\"itemListElement\":[{\"@type\":\"ListItem\",\"position\":1,\"name\":\"Strona g\u0142\u00f3wna\",\"item\":\"http:\/\/bdr-architekci.pl\/en\/\"},{\"@type\":\"ListItem\",\"position\":2,\"name\":\"Strona g\u0142\u00f3wna\"}]},{\"@type\":\"WebSite\",\"@id\":\"http:\/\/bdr-architekci.pl\/#website\",\"url\":\"http:\/\/bdr-architekci.pl\/\",\"name\":\"BDR Architekci\",\"description\":\"Pracownia BDR Architekci zosta\u0142a za\u0142o\u017cona w roku 2015 przez architekt\u00f3w Konrada Basana, Paw\u0142a Dadoka, Mari\u0119 Roj i Micha\u0142a Rogowskiego.\",\"potentialAction\":[{\"@type\":\"SearchAction\",\"target\":{\"@type\":\"EntryPoint\",\"urlTemplate\":\"http:\/\/bdr-architekci.pl\/?s={search_term_string}\"},\"query-input\":{\"@type\":\"PropertyValueSpecification\",\"valueRequired\":true,\"valueName\":\"search_term_string\"}}],\"inLanguage\":\"en-US\"}]}<\/script>\n<!-- \/ Yoast SEO plugin. -->","yoast_head_json":{"title":"Strona g\u0142\u00f3wna - BDR Architekci","description":"Pracownia BDR Architekci zosta\u0142a za\u0142o\u017cona przez architekt\u00f3w Konrada Basana, Paw\u0142a Dadoka, Mari\u0119 Roj. Realizujemy wielobran\u017cowe projekty ...","robots":{"index":"index","follow":"follow","max-snippet":"max-snippet:-1","max-image-preview":"max-image-preview:large","max-video-preview":"max-video-preview:-1"},"canonical":"http:\/\/bdr-architekci.pl\/en\/","og_locale":"en_US","og_type":"article","og_title":"Strona g\u0142\u00f3wna - BDR Architekci","og_description":"Pracownia BDR Architekci zosta\u0142a za\u0142o\u017cona przez architekt\u00f3w Konrada Basana, Paw\u0142a Dadoka, Mari\u0119 Roj. Realizujemy wielobran\u017cowe projekty ...","og_url":"http:\/\/bdr-architekci.pl\/en\/","og_site_name":"BDR Architekci","article_modified_time":"2025-11-18T08:45:13+00:00","twitter_card":"summary_large_image","schema":{"@context":"https:\/\/schema.org","@graph":[{"@type":"WebPage","@id":"http:\/\/bdr-architekci.pl\/en\/","url":"http:\/\/bdr-architekci.pl\/en\/","name":"Strona g\u0142\u00f3wna - BDR Architekci","isPartOf":{"@id":"http:\/\/bdr-architekci.pl\/#website"},"datePublished":"2017-02-27T15:01:09+00:00","dateModified":"2025-11-18T08:45:13+00:00","description":"Pracownia BDR Architekci zosta\u0142a za\u0142o\u017cona przez architekt\u00f3w Konrada Basana, Paw\u0142a Dadoka, Mari\u0119 Roj. Realizujemy wielobran\u017cowe projekty ...","breadcrumb":{"@id":"http:\/\/bdr-architekci.pl\/en\/#breadcrumb"},"inLanguage":"en-US","potentialAction":[{"@type":"ReadAction","target":["http:\/\/bdr-architekci.pl\/en\/"]}]},{"@type":"BreadcrumbList","@id":"http:\/\/bdr-architekci.pl\/en\/#breadcrumb","itemListElement":[{"@type":"ListItem","position":1,"name":"Strona g\u0142\u00f3wna","item":"http:\/\/bdr-architekci.pl\/en\/"},{"@type":"ListItem","position":2,"name":"Strona g\u0142\u00f3wna"}]},{"@type":"WebSite","@id":"http:\/\/bdr-architekci.pl\/#website","url":"http:\/\/bdr-architekci.pl\/","name":"BDR Architekci","description":"Pracownia BDR Architekci zosta\u0142a za\u0142o\u017cona w roku 2015 przez architekt\u00f3w Konrada Basana, Paw\u0142a Dadoka, Mari\u0119 Roj i Micha\u0142a Rogowskiego.","potentialAction":[{"@type":"SearchAction","target":{"@type":"EntryPoint","urlTemplate":"http:\/\/bdr-architekci.pl\/?s={search_term_string}"},"query-input":{"@type":"PropertyValueSpecification","valueRequired":true,"valueName":"search_term_string"}}],"inLanguage":"en-US"}]}},"_links":{"self":[{"href":"http:\/\/bdr-architekci.pl\/en\/wp-json\/wp\/v2\/pages\/287","targetHints":{"allow":["GET"]}}],"collection":[{"href":"http:\/\/bdr-architekci.pl\/en\/wp-json\/wp\/v2\/pages"}],"about":[{"href":"http:\/\/bdr-architekci.pl\/en\/wp-json\/wp\/v2\/types\/page"}],"author":[{"embeddable":true,"href":"http:\/\/bdr-architekci.pl\/en\/wp-json\/wp\/v2\/users\/1"}],"replies":[{"embeddable":true,"href":"http:\/\/bdr-architekci.pl\/en\/wp-json\/wp\/v2\/comments?post=287"}],"version-history":[{"count":0,"href":"http:\/\/bdr-architekci.pl\/en\/wp-json\/wp\/v2\/pages\/287\/revisions"}],"wp:attachment":[{"href":"http:\/\/bdr-architekci.pl\/en\/wp-json\/wp\/v2\/media?parent=287"}],"curies":[{"name":"wp","href":"https:\/\/api.w.org\/{rel}","templated":true}]}}