{"id":284,"date":"2017-02-13T11:31:03","date_gmt":"2017-02-13T11:31:03","guid":{"rendered":"http:\/\/bdr-architekci.pl\/?page_id=284\/"},"modified":"2025-10-31T10:13:34","modified_gmt":"2025-10-31T10:13:34","slug":"awards-publications","status":"publish","type":"page","link":"https:\/\/bdr-architekci.pl\/en\/awards-publications\/","title":{"rendered":"Awards\/Publications"},"content":{"rendered":"<p><strong>Awards:<\/strong><\/p>\n<p>2025<\/p>\n<p>1st Place \u2013 Architectural competition for a new building of the State Archives in Piotrk\u00f3w Trybunalski, located at 10 Batorego Street in Piotrk\u00f3w Trybunalski.<\/p>\n<p>1st Place \u2013 SARP Architectural Competition for the concept design of the project<br \/>\n\u201cRaciborska 44 \u2013 Expansion of the Educational Infrastructure of the Academy of Fine Arts Campus for Art and Design in Katowice\u201d<\/p>\n<p>2024<\/p>\n<p>SARP Building of the Year Award 2024 in the Public Space category for the Columbarium project in Radom<\/p>\n<p>2022<\/p>\n<p>2nd Place \u2013 Architectural competition for the concept design of a swimming pool and accompanying infrastructure on Ostr\u00f3dzka Street in Warsaw<br \/>\n(Recommended by SARP)<\/p>\n<p>2021<\/p>\n<p>1st Place \u2013 Architectural competition for the concept design of the Intergenerational Activity Center in the Wawer district of Warsaw<\/p>\n<p>3rd Place \u2013 International architectural competition for the redevelopment of the Radziwi\u0142\u0142 Palace in Vilnius for the National Lithuanian Art Museum<\/p>\n<p>Nomination \u2013 SARP Building of the Year Award for Best Cultural Building<\/p>\n<p>2020<\/p>\n<p>Honorable Mention \u2013 Competition for the redevelopment and extension of the office and service building at Sienna 82 in Warsaw for the Pilecki Institute<\/p>\n<p>Honorable Mention \u2013 Two-stage architectural and urban planning concept-to-execution SARP competition for the science and education building of the University of Warsaw at Bednarska 2\/4 in Warsaw<\/p>\n<p>2019<\/p>\n<p>3rd prize in architectural design competition for Renewal and Adaptation of the &#8220;Pok\u00f3j&#8221; Steelworks Blast Furnace in Ruda \u015al\u0105ska<\/p>\n<p>2018<\/p>\n<p>1st prize in SARP architectural design competition for Museum of the Polish Peasant Movement in Warsaw (Revitalisation and expansion of President&#8217;s Narutowicz House)<\/p>\n<p>2017<\/p>\n<p>1st prize in SARP architectural design competition for Columbarium in Radom<\/p>\n<p>1st prize in an architectural design competition to design a Museum \u2013 Pilecki\u2019s House in Ostrowia Mazowiecka.<\/p>\n<p>2016<\/p>\n<p>1st prize in an architectural design competition for small architecture objects and visual information elements of platforms for Warsaw Commuter Railway<\/p>\n<p>2015<\/p>\n<p>1st prize in SARP design competition for\u00a0Adam Mickiewicz Museum of Literature in Warsaw<\/p>\n<p>&nbsp;<\/p>\n<p><strong>Publications:<\/strong><\/p>\n<p>Architektura Murator 2021\/07<br \/>\nArchitektura Murator 2017\/12<br \/>\nArchitektura Murator 2017\/09<br \/>\nArchitektura Murator 2016\/08<br \/>\nArchitektura Murator 2016\/05<br \/>\nArchitektura &amp; Biznes 2019\/09<\/p>\n<p>&nbsp;<\/p>\n","protected":false},"excerpt":{"rendered":"<p>Awards: 2025 1st Place \u2013 Architectural competition for a new building of the State Archives in Piotrk\u00f3w Trybunalski, located at 10 Batorego Street in Piotrk\u00f3w Trybunalski. 1st Place \u2013 SARP Architectural Competition for the concept design of the project \u201cRaciborska 44 \u2013 Expansion of the Educational Infrastructure of the Academy of Fine Arts Campus for [&hellip;]<\/p>\n","protected":false},"author":1,"featured_media":0,"parent":0,"menu_order":4,"comment_status":"closed","ping_status":"closed","template":"","meta":{"footnotes":""},"class_list":["post-284","page","type-page","status-publish","hentry"],"yoast_head":"<!-- This site is optimized with the Yoast SEO plugin v25.6 - https:\/\/yoast.com\/wordpress\/plugins\/seo\/ -->\n<title>Awards\/Publications - BDR Architekci<\/title>\n<meta name=\"robots\" content=\"index, follow, max-snippet:-1, max-image-preview:large, max-video-preview:-1\" \/>\n<link rel=\"canonical\" href=\"http:\/\/bdr-architekci.pl\/en\/awards-publications\/\" \/>\n<meta property=\"og:locale\" content=\"en_US\" \/>\n<meta property=\"og:type\" content=\"article\" \/>\n<meta property=\"og:title\" content=\"Awards\/Publications - BDR Architekci\" \/>\n<meta property=\"og:description\" content=\"Awards: 2025 1st Place \u2013 Architectural competition for a new building of the State Archives in Piotrk\u00f3w Trybunalski, located at 10 Batorego Street in Piotrk\u00f3w Trybunalski. 1st Place \u2013 SARP Architectural Competition for the concept design of the project \u201cRaciborska 44 \u2013 Expansion of the Educational Infrastructure of the Academy of Fine Arts Campus for [&hellip;]\" \/>\n<meta property=\"og:url\" content=\"http:\/\/bdr-architekci.pl\/en\/awards-publications\/\" \/>\n<meta property=\"og:site_name\" content=\"BDR Architekci\" \/>\n<meta property=\"article:modified_time\" content=\"2025-10-31T10:13:34+00:00\" \/>\n<meta name=\"twitter:card\" content=\"summary_large_image\" \/>\n<meta name=\"twitter:label1\" content=\"Est. reading time\" \/>\n\t<meta name=\"twitter:data1\" content=\"2 minutes\" \/>\n<script type=\"application\/ld+json\" class=\"yoast-schema-graph\">{\"@context\":\"https:\/\/schema.org\",\"@graph\":[{\"@type\":\"WebPage\",\"@id\":\"http:\/\/bdr-architekci.pl\/en\/awards-publications\/\",\"url\":\"http:\/\/bdr-architekci.pl\/en\/awards-publications\/\",\"name\":\"Awards\/Publications - BDR Architekci\",\"isPartOf\":{\"@id\":\"https:\/\/bdr-architekci.pl\/#website\"},\"datePublished\":\"2017-02-13T11:31:03+00:00\",\"dateModified\":\"2025-10-31T10:13:34+00:00\",\"breadcrumb\":{\"@id\":\"http:\/\/bdr-architekci.pl\/en\/awards-publications\/#breadcrumb\"},\"inLanguage\":\"en-US\",\"potentialAction\":[{\"@type\":\"ReadAction\",\"target\":[\"http:\/\/bdr-architekci.pl\/en\/awards-publications\/\"]}]},{\"@type\":\"BreadcrumbList\",\"@id\":\"http:\/\/bdr-architekci.pl\/en\/awards-publications\/#breadcrumb\",\"itemListElement\":[{\"@type\":\"ListItem\",\"position\":1,\"name\":\"Strona g\u0142\u00f3wna\",\"item\":\"http:\/\/bdr-architekci.pl\/en\/\"},{\"@type\":\"ListItem\",\"position\":2,\"name\":\"Awards\/Publications\"}]},{\"@type\":\"WebSite\",\"@id\":\"https:\/\/bdr-architekci.pl\/#website\",\"url\":\"https:\/\/bdr-architekci.pl\/\",\"name\":\"BDR Architekci\",\"description\":\"Pracownia BDR Architekci zosta\u0142a za\u0142o\u017cona w roku 2015 przez architekt\u00f3w Konrada Basana, Paw\u0142a Dadoka, Mari\u0119 Roj i Micha\u0142a Rogowskiego.\",\"potentialAction\":[{\"@type\":\"SearchAction\",\"target\":{\"@type\":\"EntryPoint\",\"urlTemplate\":\"https:\/\/bdr-architekci.pl\/?s={search_term_string}\"},\"query-input\":{\"@type\":\"PropertyValueSpecification\",\"valueRequired\":true,\"valueName\":\"search_term_string\"}}],\"inLanguage\":\"en-US\"}]}<\/script>\n<!-- \/ Yoast SEO plugin. -->","yoast_head_json":{"title":"Awards\/Publications - BDR Architekci","robots":{"index":"index","follow":"follow","max-snippet":"max-snippet:-1","max-image-preview":"max-image-preview:large","max-video-preview":"max-video-preview:-1"},"canonical":"http:\/\/bdr-architekci.pl\/en\/awards-publications\/","og_locale":"en_US","og_type":"article","og_title":"Awards\/Publications - BDR Architekci","og_description":"Awards: 2025 1st Place \u2013 Architectural competition for a new building of the State Archives in Piotrk\u00f3w Trybunalski, located at 10 Batorego Street in Piotrk\u00f3w Trybunalski. 1st Place \u2013 SARP Architectural Competition for the concept design of the project \u201cRaciborska 44 \u2013 Expansion of the Educational Infrastructure of the Academy of Fine Arts Campus for [&hellip;]","og_url":"http:\/\/bdr-architekci.pl\/en\/awards-publications\/","og_site_name":"BDR Architekci","article_modified_time":"2025-10-31T10:13:34+00:00","twitter_card":"summary_large_image","twitter_misc":{"Est. reading time":"2 minutes"},"schema":{"@context":"https:\/\/schema.org","@graph":[{"@type":"WebPage","@id":"http:\/\/bdr-architekci.pl\/en\/awards-publications\/","url":"http:\/\/bdr-architekci.pl\/en\/awards-publications\/","name":"Awards\/Publications - BDR Architekci","isPartOf":{"@id":"https:\/\/bdr-architekci.pl\/#website"},"datePublished":"2017-02-13T11:31:03+00:00","dateModified":"2025-10-31T10:13:34+00:00","breadcrumb":{"@id":"http:\/\/bdr-architekci.pl\/en\/awards-publications\/#breadcrumb"},"inLanguage":"en-US","potentialAction":[{"@type":"ReadAction","target":["http:\/\/bdr-architekci.pl\/en\/awards-publications\/"]}]},{"@type":"BreadcrumbList","@id":"http:\/\/bdr-architekci.pl\/en\/awards-publications\/#breadcrumb","itemListElement":[{"@type":"ListItem","position":1,"name":"Strona g\u0142\u00f3wna","item":"http:\/\/bdr-architekci.pl\/en\/"},{"@type":"ListItem","position":2,"name":"Awards\/Publications"}]},{"@type":"WebSite","@id":"https:\/\/bdr-architekci.pl\/#website","url":"https:\/\/bdr-architekci.pl\/","name":"BDR Architekci","description":"Pracownia BDR Architekci zosta\u0142a za\u0142o\u017cona w roku 2015 przez architekt\u00f3w Konrada Basana, Paw\u0142a Dadoka, Mari\u0119 Roj i Micha\u0142a Rogowskiego.","potentialAction":[{"@type":"SearchAction","target":{"@type":"EntryPoint","urlTemplate":"https:\/\/bdr-architekci.pl\/?s={search_term_string}"},"query-input":{"@type":"PropertyValueSpecification","valueRequired":true,"valueName":"search_term_string"}}],"inLanguage":"en-US"}]}},"_links":{"self":[{"href":"https:\/\/bdr-architekci.pl\/en\/wp-json\/wp\/v2\/pages\/284","targetHints":{"allow":["GET"]}}],"collection":[{"href":"https:\/\/bdr-architekci.pl\/en\/wp-json\/wp\/v2\/pages"}],"about":[{"href":"https:\/\/bdr-architekci.pl\/en\/wp-json\/wp\/v2\/types\/page"}],"author":[{"embeddable":true,"href":"https:\/\/bdr-architekci.pl\/en\/wp-json\/wp\/v2\/users\/1"}],"replies":[{"embeddable":true,"href":"https:\/\/bdr-architekci.pl\/en\/wp-json\/wp\/v2\/comments?post=284"}],"version-history":[{"count":0,"href":"https:\/\/bdr-architekci.pl\/en\/wp-json\/wp\/v2\/pages\/284\/revisions"}],"wp:attachment":[{"href":"https:\/\/bdr-architekci.pl\/en\/wp-json\/wp\/v2\/media?parent=284"}],"curies":[{"name":"wp","href":"https:\/\/api.w.org\/{rel}","templated":true}]}}